{"id":1053,"date":"2023-06-07T11:10:00","date_gmt":"2023-06-07T11:10:00","guid":{"rendered":"https:\/\/matusebyroopolvas.ee\/kontakt\/"},"modified":"2025-04-15T06:35:09","modified_gmt":"2025-04-15T06:35:09","slug":"contact","status":"publish","type":"page","link":"https:\/\/matusebyroopolvas.ee\/en\/contact\/","title":{"rendered":"Contact"},"content":{"rendered":"\n<div class=\"wp-block-columns is-layout-flex wp-container-core-columns-is-layout-28f84493 wp-block-columns-is-layout-flex\">\n<div class=\"wp-block-column is-layout-flow wp-block-column-is-layout-flow\">\n<h3 class=\"wp-block-heading wp-el\">Tartu funeral home office:<\/h3>\n\n\n\n<p class=\"wp-el\">L\u00f5una-Eesti Matuseb\u00fcroo<\/p>\n\n\n\n<p class=\"wp-el\">Riia 5, Tartu 51010 <\/p>\n\n\n\n<p class=\"wp-el\">Info and consultation: 5197 3863 and 16669 (24h).<\/p>\n\n\n\n<p class=\"wp-el\">E-mail: <a href=\"mailto:info@lounaeestimatusebyroo.ee\">info@lounaeestimatusebyroo.ee<\/a><\/p>\n\n\n\n<iframe src=\"https:\/\/www.google.com\/maps\/embed?pb=!1m18!1m12!1m3!1d2092.0665336105662!2d26.72182811335845!3d58.37541478690021!2m3!1f0!2f0!3f0!3m2!1i1024!2i768!4f13.1!3m3!1m2!1s0x46eb36dfbf93502f%3A0x8847b9edf3b14789!2sRiia%205%2C%2051010%20Tartu!5e0!3m2!1sen!2see!4v1695294868560!5m2!1sen!2see\" width=\"100%\" height=\"450\" style=\"border:0;\" allowfullscreen=\"\" loading=\"lazy\" referrerpolicy=\"no-referrer-when-downgrade\"><\/iframe>\n<\/div>\n\n\n\n<div class=\"wp-block-column is-layout-flow wp-block-column-is-layout-flow\">\n<h3 class=\"wp-block-heading wp-el\"><strong>P\u00f5lva funeral home office:<\/strong><\/h3>\n\n\n\n<p class=\"wp-el\">L\u00f5una-Eesti Matuseb\u00fcroo<\/p>\n\n\n\n<p class=\"wp-el\">J. K\u00e4isi 3, P\u00f5lva 63305 <\/p>\n\n\n\n<p class=\"wp-el\">Tel: 5303 2363 (24h)<\/p>\n\n\n\n<p class=\"wp-el\">E-mail: <a href=\"mailto:info@lounaeestimatusebyroo.ee\">info@lounaeestimatusebyroo.ee<\/a><\/p>\n\n\n\n<iframe src=\"https:\/\/www.google.com\/maps\/embed?pb=!1m18!1m12!1m3!1d2111.0749600377726!2d27.04690661354834!3d58.05428367391386!2m3!1f0!2f0!3f0!3m2!1i1024!2i768!4f13.1!3m3!1m2!1s0x46eade2a85dbc661%3A0xcd967222306e904b!2sJohannes%20K%C3%A4isi%203%2C%20P%C3%B5lva%2C%2063307%20P%C3%B5lva%20maakond!5e0!3m2!1sen!2see!4v1695294901843!5m2!1sen!2see\" width=\"100%\" height=\"450\" style=\"border:0;\" allowfullscreen=\"\" loading=\"lazy\" referrerpolicy=\"no-referrer-when-downgrade\"><\/iframe>\n<\/div>\n<\/div>\n\n\n<div class=\"wp-el block-stitle text-center position-relative text-uppercase fw-black overflow-hidden\"><span class=\"block-stitle__bgtxt d-block position-absolute start-50 top-50 translate-middle\">Cooperation partners<\/span><h2>Cooperation partners<\/h2><\/div>\n\n\n<p class=\"has-medium-font-size wp-el\"><strong>V\u00f5ru Matusetalitus O\u00dc<\/strong><\/p>\n\n\n\n<div class=\"wp-block-columns is-layout-flex wp-container-core-columns-is-layout-28f84493 wp-block-columns-is-layout-flex\">\n<div class=\"wp-block-column is-layout-flow wp-block-column-is-layout-flow\">\n<p class=\"wp-el\">Commercial registry code: 10290513<\/p>\n\n\n\n<p class=\"wp-el\">Meegom\u00e4e, V\u00f5ru vald 65526 V\u00f5ru maakond<\/p>\n\n\n\n<p class=\"wp-el\">Working hours: Mon-Fri: 9.00-16.00, Sat and Sun: by arrangement<\/p>\n\n\n\n<p class=\"wp-el\">Tel. 785 8350<br>Mobile: 53 586 553<\/p>\n\n\n\n<p class=\"wp-el\">E-mail: <a href=\"mailto:matusetalitus@gmail.com\">matusetalitus@gmail.com<\/a><\/p>\n\n\n\n<p class=\"wp-el\"><br><\/p>\n<\/div>\n\n\n\n<div class=\"wp-block-column is-layout-flow wp-block-column-is-layout-flow\">\n<iframe src=\"https:\/\/www.google.com\/maps\/embed?pb=!1m18!1m12!1m3!1d2125.5212005812923!2d26.99350887726963!3d57.809474731736984!2m3!1f0!2f0!3f0!3m2!1i1024!2i768!4f13.1!3m3!1m2!1s0x46eaf09c89652eaf%3A0xca848ed2005059ba!2sV%C3%B5ru%20Matusetalitus%20O%C3%9C!5e0!3m2!1set!2see!4v1710407511878!5m2!1set!2see\" width=\"600\" height=\"450\" style=\"border:0;\" allowfullscreen=\"\" loading=\"lazy\" referrerpolicy=\"no-referrer-when-downgrade\"><\/iframe>\n<\/div>\n<\/div>\n","protected":false},"excerpt":{"rendered":"<p>Tartu funeral home office: L\u00f5una-Eesti Matuseb\u00fcroo Riia 5, Tartu 51010 Info and consultation: 5197 3863 and 16669 (24h). E-mail: info@lounaeestimatusebyroo.ee&#8230;<\/p>\n","protected":false},"author":1,"featured_media":0,"parent":0,"menu_order":30,"comment_status":"closed","ping_status":"closed","template":"","meta":{"_acf_changed":false,"inline_featured_image":false,"footnotes":""},"class_list":["post-1053","page","type-page","status-publish","hentry"],"acf":[],"_links":{"self":[{"href":"https:\/\/matusebyroopolvas.ee\/en\/wp-json\/wp\/v2\/pages\/1053","targetHints":{"allow":["GET"]}}],"collection":[{"href":"https:\/\/matusebyroopolvas.ee\/en\/wp-json\/wp\/v2\/pages"}],"about":[{"href":"https:\/\/matusebyroopolvas.ee\/en\/wp-json\/wp\/v2\/types\/page"}],"author":[{"embeddable":true,"href":"https:\/\/matusebyroopolvas.ee\/en\/wp-json\/wp\/v2\/users\/1"}],"replies":[{"embeddable":true,"href":"https:\/\/matusebyroopolvas.ee\/en\/wp-json\/wp\/v2\/comments?post=1053"}],"version-history":[{"count":2,"href":"https:\/\/matusebyroopolvas.ee\/en\/wp-json\/wp\/v2\/pages\/1053\/revisions"}],"predecessor-version":[{"id":1079,"href":"https:\/\/matusebyroopolvas.ee\/en\/wp-json\/wp\/v2\/pages\/1053\/revisions\/1079"}],"wp:attachment":[{"href":"https:\/\/matusebyroopolvas.ee\/en\/wp-json\/wp\/v2\/media?parent=1053"}],"curies":[{"name":"wp","href":"https:\/\/api.w.org\/{rel}","templated":true}]}}